{"id":877,"date":"2021-03-08T14:04:58","date_gmt":"2021-03-08T13:04:58","guid":{"rendered":"https:\/\/tamaris.app\/?page_id=877"},"modified":"2021-05-28T08:48:21","modified_gmt":"2021-05-28T06:48:21","slug":"taxi","status":"publish","type":"page","link":"https:\/\/tamaris.app\/en\/taxi\/","title":{"rendered":"Taxi"},"content":{"rendered":"\t\t<div data-elementor-type=\"wp-page\" data-elementor-id=\"877\" class=\"elementor elementor-877\" data-elementor-post-type=\"page\">\n\t\t\t\t\t\t<section class=\"elementor-section elementor-top-section elementor-element elementor-element-48ea4dd0 elementor-section-content-middle elementor-section-stretched elementor-section-boxed elementor-section-height-default elementor-section-height-default\" data-id=\"48ea4dd0\" data-element_type=\"section\" data-e-type=\"section\" data-settings=\"{&quot;stretch_section&quot;:&quot;section-stretched&quot;}\">\n\t\t\t\t\t\t<div class=\"elementor-container elementor-column-gap-no\">\n\t\t\t\t\t<div class=\"elementor-column elementor-col-33 elementor-top-column elementor-element elementor-element-3e0e9f67\" data-id=\"3e0e9f67\" data-element_type=\"column\" data-e-type=\"column\">\n\t\t\t<div class=\"elementor-widget-wrap elementor-element-populated\">\n\t\t\t\t\t\t<div class=\"elementor-element elementor-element-9914325 elementor-widget elementor-widget-image\" data-id=\"9914325\" data-element_type=\"widget\" data-e-type=\"widget\" data-widget_type=\"image.default\">\n\t\t\t\t<div class=\"elementor-widget-container\">\n\t\t\t\t\t\t\t\t\t\t\t\t\t\t\t<img fetchpriority=\"high\" decoding=\"async\" data-attachment-id=\"976\" data-permalink=\"https:\/\/tamaris.app\/en\/taxi\/taxi-slika\/\" data-orig-file=\"https:\/\/i0.wp.com\/tamaris.app\/wp-content\/uploads\/2021\/03\/TAXI-SLIKA-.png?fit=2481%2C3508&amp;ssl=1\" data-orig-size=\"2481,3508\" data-comments-opened=\"1\" data-image-meta=\"{&quot;aperture&quot;:&quot;0&quot;,&quot;credit&quot;:&quot;&quot;,&quot;camera&quot;:&quot;&quot;,&quot;caption&quot;:&quot;&quot;,&quot;created_timestamp&quot;:&quot;0&quot;,&quot;copyright&quot;:&quot;&quot;,&quot;focal_length&quot;:&quot;0&quot;,&quot;iso&quot;:&quot;0&quot;,&quot;shutter_speed&quot;:&quot;0&quot;,&quot;title&quot;:&quot;&quot;,&quot;orientation&quot;:&quot;0&quot;}\" data-image-title=\"TAXI SLIKA\" data-image-description=\"\" data-image-caption=\"\" data-large-file=\"https:\/\/i0.wp.com\/tamaris.app\/wp-content\/uploads\/2021\/03\/TAXI-SLIKA-.png?fit=724%2C1024&amp;ssl=1\" width=\"212\" height=\"300\" src=\"https:\/\/i0.wp.com\/tamaris.app\/wp-content\/uploads\/2021\/03\/TAXI-SLIKA-.png?fit=212%2C300&amp;ssl=1\" class=\"attachment-medium size-medium wp-image-976\" alt=\"\" srcset=\"https:\/\/i0.wp.com\/tamaris.app\/wp-content\/uploads\/2021\/03\/TAXI-SLIKA-.png?w=2481&amp;ssl=1 2481w, https:\/\/i0.wp.com\/tamaris.app\/wp-content\/uploads\/2021\/03\/TAXI-SLIKA-.png?resize=212%2C300&amp;ssl=1 212w, https:\/\/i0.wp.com\/tamaris.app\/wp-content\/uploads\/2021\/03\/TAXI-SLIKA-.png?resize=724%2C1024&amp;ssl=1 724w, https:\/\/i0.wp.com\/tamaris.app\/wp-content\/uploads\/2021\/03\/TAXI-SLIKA-.png?resize=768%2C1086&amp;ssl=1 768w, https:\/\/i0.wp.com\/tamaris.app\/wp-content\/uploads\/2021\/03\/TAXI-SLIKA-.png?resize=1086%2C1536&amp;ssl=1 1086w, https:\/\/i0.wp.com\/tamaris.app\/wp-content\/uploads\/2021\/03\/TAXI-SLIKA-.png?resize=1448%2C2048&amp;ssl=1 1448w, https:\/\/i0.wp.com\/tamaris.app\/wp-content\/uploads\/2021\/03\/TAXI-SLIKA-.png?resize=1200%2C1697&amp;ssl=1 1200w, https:\/\/i0.wp.com\/tamaris.app\/wp-content\/uploads\/2021\/03\/TAXI-SLIKA-.png?resize=1568%2C2217&amp;ssl=1 1568w, https:\/\/i0.wp.com\/tamaris.app\/wp-content\/uploads\/2021\/03\/TAXI-SLIKA-.png?resize=750%2C1060&amp;ssl=1 750w, https:\/\/i0.wp.com\/tamaris.app\/wp-content\/uploads\/2021\/03\/TAXI-SLIKA-.png?w=1500&amp;ssl=1 1500w, https:\/\/i0.wp.com\/tamaris.app\/wp-content\/uploads\/2021\/03\/TAXI-SLIKA-.png?w=2250&amp;ssl=1 2250w\" sizes=\"(max-width: 212px) 100vw, 212px\" data-attachment-id=\"976\" data-permalink=\"https:\/\/tamaris.app\/en\/taxi\/taxi-slika\/\" data-orig-file=\"https:\/\/i0.wp.com\/tamaris.app\/wp-content\/uploads\/2021\/03\/TAXI-SLIKA-.png?fit=2481%2C3508&amp;ssl=1\" data-orig-size=\"2481,3508\" data-comments-opened=\"1\" data-image-meta=\"{&quot;aperture&quot;:&quot;0&quot;,&quot;credit&quot;:&quot;&quot;,&quot;camera&quot;:&quot;&quot;,&quot;caption&quot;:&quot;&quot;,&quot;created_timestamp&quot;:&quot;0&quot;,&quot;copyright&quot;:&quot;&quot;,&quot;focal_length&quot;:&quot;0&quot;,&quot;iso&quot;:&quot;0&quot;,&quot;shutter_speed&quot;:&quot;0&quot;,&quot;title&quot;:&quot;&quot;,&quot;orientation&quot;:&quot;0&quot;}\" data-image-title=\"TAXI SLIKA\" data-image-description=\"\" data-image-caption=\"\" data-large-file=\"https:\/\/i0.wp.com\/tamaris.app\/wp-content\/uploads\/2021\/03\/TAXI-SLIKA-.png?fit=724%2C1024&amp;ssl=1\" \/>\t\t\t\t\t\t\t\t\t\t\t\t\t\t\t<\/div>\n\t\t\t\t<\/div>\n\t\t\t\t\t<\/div>\n\t\t<\/div>\n\t\t\t\t<div class=\"elementor-column elementor-col-66 elementor-top-column elementor-element elementor-element-7874a8b4\" data-id=\"7874a8b4\" data-element_type=\"column\" data-e-type=\"column\">\n\t\t\t<div class=\"elementor-widget-wrap elementor-element-populated\">\n\t\t\t\t\t\t<div class=\"elementor-element elementor-element-50d78616 elementor-widget elementor-widget-heading\" data-id=\"50d78616\" data-element_type=\"widget\" data-e-type=\"widget\" data-widget_type=\"heading.default\">\n\t\t\t\t<div class=\"elementor-widget-container\">\n\t\t\t\t\t<h4 class=\"elementor-heading-title elementor-size-default\">Naru\u010dite Taxi<\/h4>\t\t\t\t<\/div>\n\t\t\t\t<\/div>\n\t\t\t\t<div class=\"elementor-element elementor-element-509b43c1 elementor-widget elementor-widget-text-editor\" data-id=\"509b43c1\" data-element_type=\"widget\" data-e-type=\"widget\" data-widget_type=\"text-editor.default\">\n\t\t\t\t<div class=\"elementor-widget-container\">\n\t\t\t\t\t\t\t\t\t<p>Bezbri\u017eno rezervirajte va\u0161u taxi vo\u017enju u par koraka.<\/p><p>Unesite podatke o sebi, mjestu koje \u017eelite posjetiti i \u017eeljeno vrijeme polaska.<\/p><p>Osigurajte najbolju cijenu vo\u017enje i provjerene suradnike hotela.<\/p>\t\t\t\t\t\t\t\t<\/div>\n\t\t\t\t<\/div>\n\t\t\t\t\t<\/div>\n\t\t<\/div>\n\t\t\t\t\t<\/div>\n\t\t<\/section>\n\t\t\t\t<section class=\"elementor-section elementor-top-section elementor-element elementor-element-ed74c84 elementor-section-boxed elementor-section-height-default elementor-section-height-default\" data-id=\"ed74c84\" data-element_type=\"section\" data-e-type=\"section\">\n\t\t\t\t\t\t<div class=\"elementor-container elementor-column-gap-default\">\n\t\t\t\t\t<div class=\"elementor-column elementor-col-100 elementor-top-column elementor-element elementor-element-6625d7d\" data-id=\"6625d7d\" data-element_type=\"column\" data-e-type=\"column\">\n\t\t\t<div class=\"elementor-widget-wrap elementor-element-populated\">\n\t\t\t\t\t\t<div class=\"elementor-element elementor-element-c6eb689 elementor-button-align-stretch elementor-widget elementor-widget-form\" data-id=\"c6eb689\" data-element_type=\"widget\" data-e-type=\"widget\" data-settings=\"{&quot;step_next_label&quot;:&quot;Slijede\\u0107i korak&quot;,&quot;step_previous_label&quot;:&quot;Prethodno&quot;,&quot;button_width&quot;:&quot;100&quot;,&quot;step_type&quot;:&quot;number_text&quot;,&quot;step_icon_shape&quot;:&quot;circle&quot;}\" data-no-translation=\"\" data-widget_type=\"form.default\">\n\t\t\t\t<div class=\"elementor-widget-container\">\n\t\t\t\t\t<style>.elementor-element-c6eb689{display:none !important}<\/style>\t\t\t\t<\/div>\n\t\t\t\t<\/div>\n\t\t\t\t<div class=\"elementor-element elementor-element-83a8958 elementor-button-align-stretch elementor-widget elementor-widget-form\" data-id=\"83a8958\" data-element_type=\"widget\" data-e-type=\"widget\" data-settings=\"{&quot;step_next_label&quot;:&quot;Next step&quot;,&quot;step_previous_label&quot;:&quot;Back&quot;,&quot;button_width&quot;:&quot;100&quot;,&quot;step_type&quot;:&quot;number_text&quot;,&quot;step_icon_shape&quot;:&quot;circle&quot;}\" data-no-translation=\"\" data-widget_type=\"form.default\">\n\t\t\t\t<div class=\"elementor-widget-container\">\n\t\t\t\t\t\t\t<form class=\"elementor-form\" method=\"post\" name=\"Taxi rezervacija\">\n\t\t\t<input type=\"hidden\" name=\"post_id\" value=\"877\"\/>\n\t\t\t<input type=\"hidden\" name=\"form_id\" value=\"83a8958\"\/>\n\t\t\t<input type=\"hidden\" name=\"referer_title\" value=\"\" \/>\n\n\t\t\t\n\t\t\t<div class=\"elementor-form-fields-wrapper elementor-labels-above\">\n\t\t\t\t\t\t\t\t<div class=\"elementor-field-type-step elementor-field-group elementor-column elementor-field-group-field_8c5faf7 elementor-col-100\">\n\t\t\t\t\t\t\t<div class=\"e-field-step elementor-hidden\" data-label=\"\" data-previousButton=\"\" data-nextButton=\"\" data-iconUrl=\"\" data-iconLibrary=\"fas fa-star\" data-icon=\"\" ><\/div>\n\n\t\t\t\t\t\t<\/div>\n\t\t\t\t\t\t\t\t<div class=\"elementor-field-type-text elementor-field-group elementor-column elementor-field-group-name elementor-col-60 elementor-field-required elementor-mark-required\">\n\t\t\t\t\t\t\t\t\t\t\t\t<label for=\"form-field-name\" class=\"elementor-field-label\">\n\t\t\t\t\t\t\t\tYour destination\t\t\t\t\t\t\t<\/label>\n\t\t\t\t\t\t\t\t\t\t\t\t\t\t<input size=\"1\" type=\"text\" name=\"form_fields[name]\" id=\"form-field-name\" class=\"elementor-field elementor-size-lg  elementor-field-textual\" placeholder=\"Your destination\" required=\"required\">\n\t\t\t\t\t\t\t\t\t\t\t<\/div>\n\t\t\t\t\t\t\t\t<div class=\"elementor-field-type-number elementor-field-group elementor-column elementor-field-group-message elementor-col-30 elementor-field-required elementor-mark-required\">\n\t\t\t\t\t\t\t\t\t\t\t\t<label for=\"form-field-message\" class=\"elementor-field-label\">\n\t\t\t\t\t\t\t\tNumber of persons\t\t\t\t\t\t\t<\/label>\n\t\t\t\t\t\t\t\t\t<input type=\"number\" name=\"form_fields[message]\" id=\"form-field-message\" class=\"elementor-field elementor-size-lg  elementor-field-textual\" placeholder=\"Max 8 - 1 cab\" required=\"required\" min=\"0\" max=\"18\" >\n\t\t\t\t\t\t<\/div>\n\t\t\t\t\t\t\t\t<div class=\"elementor-field-type-step elementor-field-group elementor-column elementor-field-group-field_95da6ca elementor-col-100\">\n\t\t\t\t\t\t\t<div class=\"e-field-step elementor-hidden\" data-label=\"\" data-previousButton=\"\" data-nextButton=\"\" data-iconUrl=\"\" data-iconLibrary=\"fas fa-star\" data-icon=\"\" ><\/div>\n\n\t\t\t\t\t\t<\/div>\n\t\t\t\t\t\t\t\t<div class=\"elementor-field-type-date elementor-field-group elementor-column elementor-field-group-field_7358dc5 elementor-col-60 elementor-field-required elementor-mark-required\">\n\t\t\t\t\t\t\t\t\t\t\t\t<label for=\"form-field-field_7358dc5\" class=\"elementor-field-label\">\n\t\t\t\t\t\t\t\tDeparture date\t\t\t\t\t\t\t<\/label>\n\t\t\t\t\t\t\n\t\t<input type=\"date\" name=\"form_fields[field_7358dc5]\" id=\"form-field-field_7358dc5\" class=\"elementor-field elementor-size-lg  elementor-field-textual elementor-date-field elementor-use-native\" value=\"May 15, 2026 12:31\" required=\"required\" pattern=\"[0-9]{4}-[0-9]{2}-[0-9]{2}\">\n\t\t\t\t\t\t<\/div>\n\t\t\t\t\t\t\t\t<div class=\"elementor-field-type-time elementor-field-group elementor-column elementor-field-group-field_f49b434 elementor-col-33 elementor-field-required elementor-mark-required\">\n\t\t\t\t\t\t\t\t\t\t\t\t<label for=\"form-field-field_f49b434\" class=\"elementor-field-label\">\n\t\t\t\t\t\t\t\tDeparture time\t\t\t\t\t\t\t<\/label>\n\t\t\t\t\t\t\t\t<input type=\"time\" name=\"form_fields[field_f49b434]\" id=\"form-field-field_f49b434\" class=\"elementor-field elementor-size-lg  elementor-field-textual elementor-time-field elementor-use-native\" value=\"15\/05\/2026 12:31\" required=\"required\">\n\t\t\t\t\t\t<\/div>\n\t\t\t\t\t\t\t\t<div class=\"elementor-field-type-step elementor-field-group elementor-column elementor-field-group-field_47197c3 elementor-col-100\">\n\t\t\t\t\t\t\t<div class=\"e-field-step elementor-hidden\" data-label=\"\" data-previousButton=\"\" data-nextButton=\"\" data-iconUrl=\"\" data-iconLibrary=\"\" data-icon=\"\" ><\/div>\n\n\t\t\t\t\t\t<\/div>\n\t\t\t\t\t\t\t\t<div class=\"elementor-field-type-text elementor-field-group elementor-column elementor-field-group-field_c9916c9 elementor-col-60 elementor-field-required elementor-mark-required\">\n\t\t\t\t\t\t\t\t\t\t\t\t<label for=\"form-field-field_c9916c9\" class=\"elementor-field-label\">\n\t\t\t\t\t\t\t\tFirst and last name\t\t\t\t\t\t\t<\/label>\n\t\t\t\t\t\t\t\t\t\t\t\t\t\t<input size=\"1\" type=\"text\" name=\"form_fields[field_c9916c9]\" id=\"form-field-field_c9916c9\" class=\"elementor-field elementor-size-lg  elementor-field-textual\" placeholder=\"Your name and surname\" required=\"required\">\n\t\t\t\t\t\t\t\t\t\t\t<\/div>\n\t\t\t\t\t\t\t\t<div class=\"elementor-field-type-text elementor-field-group elementor-column elementor-field-group-field_dc1f06c elementor-col-33 elementor-field-required elementor-mark-required\">\n\t\t\t\t\t\t\t\t\t\t\t\t<label for=\"form-field-field_dc1f06c\" class=\"elementor-field-label\">\n\t\t\t\t\t\t\t\tRoom number\t\t\t\t\t\t\t<\/label>\n\t\t\t\t\t\t\t\t\t\t\t\t\t\t<input size=\"1\" type=\"text\" name=\"form_fields[field_dc1f06c]\" id=\"form-field-field_dc1f06c\" class=\"elementor-field elementor-size-lg  elementor-field-textual\" placeholder=\"Room number\" required=\"required\">\n\t\t\t\t\t\t\t\t\t\t\t<\/div>\n\t\t\t\t\t\t\t\t<div class=\"elementor-field-type-email elementor-field-group elementor-column elementor-field-group-field_99d7331 elementor-col-60 elementor-field-required elementor-mark-required\">\n\t\t\t\t\t\t\t\t\t\t\t\t<label for=\"form-field-field_99d7331\" class=\"elementor-field-label\">\n\t\t\t\t\t\t\t\tEmail\t\t\t\t\t\t\t<\/label>\n\t\t\t\t\t\t\t\t\t\t\t\t\t\t<input size=\"1\" type=\"email\" name=\"form_fields[field_99d7331]\" id=\"form-field-field_99d7331\" class=\"elementor-field elementor-size-lg  elementor-field-textual\" placeholder=\"example@mail.com\" required=\"required\">\n\t\t\t\t\t\t\t\t\t\t\t<\/div>\n\t\t\t\t\t\t\t\t<div class=\"elementor-field-type-text elementor-field-group elementor-column elementor-field-group-field_b5cada9 elementor-col-100\">\n\t\t\t\t\t\t\t\t\t\t\t\t<label for=\"form-field-field_b5cada9\" class=\"elementor-field-label\">\n\t\t\t\t\t\t\t\tRemark\t\t\t\t\t\t\t<\/label>\n\t\t\t\t\t\t\t\t\t\t\t\t\t\t<input size=\"1\" type=\"text\" name=\"form_fields[field_b5cada9]\" id=\"form-field-field_b5cada9\" class=\"elementor-field elementor-size-lg  elementor-field-textual\" placeholder=\"Child seat, person with disabilities...\">\n\t\t\t\t\t\t\t\t\t\t\t<\/div>\n\t\t\t\t\t\t\t\t<div class=\"elementor-field-type-acceptance elementor-field-group elementor-column elementor-field-group-field_a732bf7 elementor-col-100 elementor-field-required elementor-mark-required\">\n\t\t\t\t\t\t\t<div class=\"elementor-field-subgroup\">\n\t\t\t<span class=\"elementor-field-option\">\n\t\t\t\t<input type=\"checkbox\" name=\"form_fields[field_a732bf7]\" id=\"form-field-field_a732bf7\" class=\"elementor-field elementor-size-lg  elementor-acceptance-field\" required=\"required\">\n\t\t\t\t<label for=\"form-field-field_a732bf7\">I have read and agree to the \n\n\n\n\n<a href=\"https:\/\/tamaris.app\/legal\/\" rel=\"noopener\" target=\"_blank\">Terms and conditions.<\/a><\/label>\t\t\t<\/span>\n\t\t<\/div>\n\t\t\t\t\t\t<\/div>\n\t\t\t\t\t\t\t\t<div class=\"elementor-field-group elementor-column elementor-field-type-submit elementor-col-100 e-form__buttons\">\n\t\t\t\t\t<button class=\"elementor-button elementor-size-md\" type=\"submit\">\n\t\t\t\t\t\t<span class=\"elementor-button-content-wrapper\">\n\t\t\t\t\t\t\t\t\t\t\t\t\t\t\t\t\t\t\t\t\t\t<span class=\"elementor-button-text\">Reserve<\/span>\n\t\t\t\t\t\t\t\t\t\t\t\t\t<\/span>\n\t\t\t\t\t<\/button>\n\t\t\t\t<\/div>\n\t\t\t<\/div>\n\t\t<\/form>\n\t\t\t\t\t\t<\/div>\n\t\t\t\t<\/div>\n\t\t\t\t\t<\/div>\n\t\t<\/div>\n\t\t\t\t\t<\/div>\n\t\t<\/section>\n\t\t\t\t<\/div>\n\t\t","protected":false},"excerpt":{"rendered":"<p>Naru\u010dite Taxi Bezbri\u017eno rezervirajte va\u0161u taxi vo\u017enju u par koraka. Unesite podatke o sebi, mjestu koje \u017eelite posjetiti i \u017eeljeno vrijeme polaska. Osigurajte najbolju cijenu vo\u017enje i provjerene suradnike hotela.<\/p>","protected":false},"author":202694972,"featured_media":0,"parent":0,"menu_order":0,"comment_status":"closed","ping_status":"closed","template":"","meta":{"_coblocks_attr":"","_coblocks_dimensions":"","_coblocks_responsive_height":"","_coblocks_accordion_ie_support":"","_crdt_document":"","advanced_seo_description":"","jetpack_seo_html_title":"","jetpack_seo_noindex":false,"footnotes":""},"class_list":["post-877","page","type-page","status-publish","hentry","entry"],"jetpack_likes_enabled":false,"jetpack_sharing_enabled":true,"jetpack_shortlink":"https:\/\/wp.me\/PcS3VA-e9","_links":{"self":[{"href":"https:\/\/tamaris.app\/en\/wp-json\/wp\/v2\/pages\/877","targetHints":{"allow":["GET"]}}],"collection":[{"href":"https:\/\/tamaris.app\/en\/wp-json\/wp\/v2\/pages"}],"about":[{"href":"https:\/\/tamaris.app\/en\/wp-json\/wp\/v2\/types\/page"}],"author":[{"embeddable":true,"href":"https:\/\/tamaris.app\/en\/wp-json\/wp\/v2\/users\/202694972"}],"replies":[{"embeddable":true,"href":"https:\/\/tamaris.app\/en\/wp-json\/wp\/v2\/comments?post=877"}],"version-history":[{"count":100,"href":"https:\/\/tamaris.app\/en\/wp-json\/wp\/v2\/pages\/877\/revisions"}],"predecessor-version":[{"id":2865,"href":"https:\/\/tamaris.app\/en\/wp-json\/wp\/v2\/pages\/877\/revisions\/2865"}],"wp:attachment":[{"href":"https:\/\/tamaris.app\/en\/wp-json\/wp\/v2\/media?parent=877"}],"curies":[{"name":"wp","href":"https:\/\/api.w.org\/{rel}","templated":true}]}}